{"id":160,"date":"2021-05-04T15:35:16","date_gmt":"2021-05-04T14:35:16","guid":{"rendered":"https:\/\/wfj.se\/?page_id=160"},"modified":"2026-03-30T14:30:17","modified_gmt":"2026-03-30T13:30:17","slug":"aka-tag","status":"publish","type":"page","link":"https:\/\/wfj.se\/de\/aka-tag\/","title":{"rendered":"Reisen Sie mit unseren Z\u00fcgen"},"content":{"rendered":"\n<div class=\"wp-block-columns is-layout-flex wp-container-core-columns-is-layout-9d6595d7 wp-block-columns-is-layout-flex\">\n<div class=\"wp-block-column is-layout-flow wp-block-column-is-layout-flow\">\n<p class=\"has-text-align-center\"><strong><br><\/strong>Die Verkehrsplanung f\u00fcr 2026 l\u00e4uft. Vorl\u00e4ufig ist ein Betrieb an den Wochenenden im Juli und August geplant. Datum und Fahrplan werden Ende April oder Anfang Mai bekannt gegeben!<\/p>\n\n\n\n<p class=\"has-text-align-center\"><strong>Willkommen bei einer Zugfahrt mit uns in <br>Vadstena 2026!<\/strong><\/p>\n\n\n\n<hr class=\"wp-block-separator has-alpha-channel-opacity is-style-wide\"\/>\n\n\n\n<p>Der Bahnhofsvorsteher signalisiert dem Lokf\u00fchrer Abfahrt, der den Befehl mit einem kurzen Tuten best\u00e4tigt. Langsam rollt der Zug aus dem Bahnhof. Erleben Sie diesen Sommer eine fantastische Fahrt durch Vadstena zum Folkets Park au\u00dferhalb der Stadt.<\/p>\n\n\n\n<p>Lassen Sie sich vom Zug gem\u00fctlich schaukeln und lauschen Sie den Schienenst\u00f6\u00dfen. Eine Reise wie aus der Zeit um die Mitte des 20. Jahrhunderts.<\/p>\n\n\n\n<p><\/p>\n\n\n\n<p>Tickets k\u00f6nnen im Bahnhof gekauft oder \u00fcber den unten genannten Link im Voraus gebucht werden.<\/p>\n\n\n\n<p>Die Draisinen buchen Sie bitte im Voraus \u00fcber unsere Webseite.<\/p>\n\n\n\n<p><\/p>\n<\/div>\n\n\n\n<div class=\"wp-block-column is-layout-flow wp-block-column-is-layout-flow\"><\/div>\n<\/div>\n\n\n\n<div class=\"wp-block-buttons is-layout-flex wp-block-buttons-is-layout-flex\">\n<div class=\"wp-block-button is-style-outline is-style-outline--1\"><a class=\"wp-block-button__link wp-element-button\" href=\"https:\/\/salver.se\/app\/walk\/447\" target=\"_blank\" rel=\"noreferrer noopener\"><strong>Holen Sie sich Ihre Tickets<\/strong><\/a><\/div>\n<\/div>\n\n\n\n<p><\/p>\n\n\n\n<figure class=\"wp-block-gallery has-nested-images columns-default is-cropped wp-block-gallery-2 is-layout-flex wp-block-gallery-is-layout-flex\">\n<figure class=\"wp-block-image size-large\"><img loading=\"lazy\" decoding=\"async\" width=\"960\" height=\"718\" data-id=\"427\" src=\"https:\/\/wfj.se\/wp-content\/uploads\/2021\/05\/Ak-Tag-Bakgrund-ljusare-1.jpg\" alt=\"\" class=\"wp-image-427\" srcset=\"https:\/\/wfj.se\/wp-content\/uploads\/2021\/05\/Ak-Tag-Bakgrund-ljusare-1.jpg 960w, https:\/\/wfj.se\/wp-content\/uploads\/2021\/05\/Ak-Tag-Bakgrund-ljusare-1-300x224.jpg 300w, https:\/\/wfj.se\/wp-content\/uploads\/2021\/05\/Ak-Tag-Bakgrund-ljusare-1-768x574.jpg 768w\" sizes=\"auto, (max-width: 960px) 100vw, 960px\" \/><\/figure>\n\n\n\n<figure class=\"wp-block-image size-large\"><img loading=\"lazy\" decoding=\"async\" width=\"800\" height=\"600\" data-id=\"224\" src=\"https:\/\/wfj.se\/wp-content\/uploads\/2021\/05\/Ralsbusskurs_388_640x480.jpg\" alt=\"\" class=\"wp-image-224\" srcset=\"https:\/\/wfj.se\/wp-content\/uploads\/2021\/05\/Ralsbusskurs_388_640x480.jpg 800w, https:\/\/wfj.se\/wp-content\/uploads\/2021\/05\/Ralsbusskurs_388_640x480-300x225.jpg 300w, https:\/\/wfj.se\/wp-content\/uploads\/2021\/05\/Ralsbusskurs_388_640x480-768x576.jpg 768w\" sizes=\"auto, (max-width: 800px) 100vw, 800px\" \/><\/figure>\n\n\n\n<figure class=\"wp-block-image size-large\"><img loading=\"lazy\" decoding=\"async\" width=\"1024\" height=\"722\" data-id=\"422\" src=\"https:\/\/wfj.se\/wp-content\/uploads\/2021\/05\/Storugns-vaxlar-cafetaget-130825-1024x722.jpg\" alt=\"\" class=\"wp-image-422\" srcset=\"https:\/\/wfj.se\/wp-content\/uploads\/2021\/05\/Storugns-vaxlar-cafetaget-130825-1024x722.jpg 1024w, https:\/\/wfj.se\/wp-content\/uploads\/2021\/05\/Storugns-vaxlar-cafetaget-130825-300x211.jpg 300w, https:\/\/wfj.se\/wp-content\/uploads\/2021\/05\/Storugns-vaxlar-cafetaget-130825-768x541.jpg 768w, https:\/\/wfj.se\/wp-content\/uploads\/2021\/05\/Storugns-vaxlar-cafetaget-130825-1536x1082.jpg 1536w, https:\/\/wfj.se\/wp-content\/uploads\/2021\/05\/Storugns-vaxlar-cafetaget-130825-2048x1443.jpg 2048w\" sizes=\"auto, (max-width: 1024px) 100vw, 1024px\" \/><\/figure>\n\n\n\n<figure class=\"wp-block-image size-large\"><img loading=\"lazy\" decoding=\"async\" width=\"1024\" height=\"713\" data-id=\"419\" src=\"https:\/\/wfj.se\/wp-content\/uploads\/2021\/05\/Ralsbussen-klar-avgang-170820-1024x713.jpg\" alt=\"\" class=\"wp-image-419\" srcset=\"https:\/\/wfj.se\/wp-content\/uploads\/2021\/05\/Ralsbussen-klar-avgang-170820-1024x713.jpg 1024w, https:\/\/wfj.se\/wp-content\/uploads\/2021\/05\/Ralsbussen-klar-avgang-170820-300x209.jpg 300w, https:\/\/wfj.se\/wp-content\/uploads\/2021\/05\/Ralsbussen-klar-avgang-170820-768x535.jpg 768w, https:\/\/wfj.se\/wp-content\/uploads\/2021\/05\/Ralsbussen-klar-avgang-170820-1536x1070.jpg 1536w, https:\/\/wfj.se\/wp-content\/uploads\/2021\/05\/Ralsbussen-klar-avgang-170820-2048x1427.jpg 2048w\" sizes=\"auto, (max-width: 1024px) 100vw, 1024px\" \/><\/figure>\n\n\n\n<figure class=\"wp-block-image size-large\"><img loading=\"lazy\" decoding=\"async\" width=\"2560\" height=\"1862\" data-id=\"421\" src=\"https:\/\/wfj.se\/wp-content\/uploads\/2021\/05\/Storugns-m-finka-pa-Vst-station-130825-scaled.jpg\" alt=\"\" class=\"wp-image-421\" srcset=\"https:\/\/wfj.se\/wp-content\/uploads\/2021\/05\/Storugns-m-finka-pa-Vst-station-130825-scaled.jpg 2560w, https:\/\/wfj.se\/wp-content\/uploads\/2021\/05\/Storugns-m-finka-pa-Vst-station-130825-300x218.jpg 300w, https:\/\/wfj.se\/wp-content\/uploads\/2021\/05\/Storugns-m-finka-pa-Vst-station-130825-1024x745.jpg 1024w, https:\/\/wfj.se\/wp-content\/uploads\/2021\/05\/Storugns-m-finka-pa-Vst-station-130825-768x559.jpg 768w, https:\/\/wfj.se\/wp-content\/uploads\/2021\/05\/Storugns-m-finka-pa-Vst-station-130825-1536x1117.jpg 1536w, https:\/\/wfj.se\/wp-content\/uploads\/2021\/05\/Storugns-m-finka-pa-Vst-station-130825-2048x1490.jpg 2048w\" sizes=\"auto, (max-width: 2560px) 100vw, 2560px\" \/><\/figure>\n<\/figure>\n","protected":false},"excerpt":{"rendered":"<p>Die Verkehrsplanung f\u00fcr 2026 l\u00e4uft. Vorl\u00e4ufig ist ein Betrieb an den Wochenenden im Juli und August geplant. Datum und Fahrplan werden Ende April oder Anfang&hellip;<\/p>\n","protected":false},"author":2,"featured_media":0,"parent":0,"menu_order":0,"comment_status":"closed","ping_status":"closed","template":"","meta":{"footnotes":""},"class_list":["post-160","page","type-page","status-publish","hentry"],"translation":{"provider":"WPGlobus","version":"3.0.2","language":"de","enabled_languages":["sv","gb","de"],"languages":{"sv":{"title":true,"content":true,"excerpt":false},"gb":{"title":true,"content":true,"excerpt":false},"de":{"title":true,"content":true,"excerpt":false}}},"_links":{"self":[{"href":"https:\/\/wfj.se\/de\/wp-json\/wp\/v2\/pages\/160","targetHints":{"allow":["GET"]}}],"collection":[{"href":"https:\/\/wfj.se\/de\/wp-json\/wp\/v2\/pages"}],"about":[{"href":"https:\/\/wfj.se\/de\/wp-json\/wp\/v2\/types\/page"}],"author":[{"embeddable":true,"href":"https:\/\/wfj.se\/de\/wp-json\/wp\/v2\/users\/2"}],"replies":[{"embeddable":true,"href":"https:\/\/wfj.se\/de\/wp-json\/wp\/v2\/comments?post=160"}],"version-history":[{"count":233,"href":"https:\/\/wfj.se\/de\/wp-json\/wp\/v2\/pages\/160\/revisions"}],"predecessor-version":[{"id":1544,"href":"https:\/\/wfj.se\/de\/wp-json\/wp\/v2\/pages\/160\/revisions\/1544"}],"wp:attachment":[{"href":"https:\/\/wfj.se\/de\/wp-json\/wp\/v2\/media?parent=160"}],"curies":[{"name":"wp","href":"https:\/\/api.w.org\/{rel}","templated":true}]}}