{"id":162,"date":"2021-05-04T15:35:07","date_gmt":"2021-05-04T15:35:07","guid":{"rendered":"https:\/\/wfj.se\/?page_id=162"},"modified":"2024-06-25T20:01:10","modified_gmt":"2024-06-25T19:01:10","slug":"museiforening-wfj","status":"publish","type":"page","link":"https:\/\/wfj.se\/de\/museiforening-wfj\/","title":{"rendered":"Der Museumsverein der Wadstena Fogelsta Eisenbahn"},"content":{"rendered":"\n<div class=\"wp-block-image\"><figure class=\"aligncenter size-large is-resized\"><img loading=\"lazy\" decoding=\"async\" src=\"https:\/\/wfj.se\/wp-content\/uploads\/2021\/05\/Vadstena_lokstall_2_lok_080830_CB-1024x780.jpg\" alt=\"\" class=\"wp-image-424\" width=\"699\" height=\"532\" srcset=\"https:\/\/wfj.se\/wp-content\/uploads\/2021\/05\/Vadstena_lokstall_2_lok_080830_CB-1024x780.jpg 1024w, https:\/\/wfj.se\/wp-content\/uploads\/2021\/05\/Vadstena_lokstall_2_lok_080830_CB-300x229.jpg 300w, https:\/\/wfj.se\/wp-content\/uploads\/2021\/05\/Vadstena_lokstall_2_lok_080830_CB-768x585.jpg 768w, https:\/\/wfj.se\/wp-content\/uploads\/2021\/05\/Vadstena_lokstall_2_lok_080830_CB-1536x1170.jpg 1536w, https:\/\/wfj.se\/wp-content\/uploads\/2021\/05\/Vadstena_lokstall_2_lok_080830_CB-2048x1561.jpg 2048w\" sizes=\"auto, (max-width: 699px) 100vw, 699px\" \/><\/figure><\/div>\n\n\n\n<h3 class=\"wp-block-heading\">Der Museumsverein der Wadstena Fogelsta Eisenbahn<\/h3>\n\n\n\n<p>der WFJ-Museumsverein wurde 1974 gegr\u00fcndet, um den letzten Teil des Schmalspurbahnnetzes von \u00d6sterg\u00f6tland zu erhalten. Von den urspr\u00fcnglichen 450 Kilometern ist heute nur noch die 9,6 Kilometer lange Strecke Vadstena-F\u00e5gelsta \u00fcbrig. Die Linie geh\u00f6rt der Gemeinde Vadstena und wird vom Museumsverein Wadstena Fogelsta J\u00e4rnv\u00e4g angemietet.<\/p>\n\n\n\n<p>Der Verein verf\u00fcgt \u00fcber zwei Dampflokomotiven, einen Schienenbus, mehrere Diesellokomotiven, sowie eine Reihe von Personenwagen und G\u00fcterwagen verschiedener repr\u00e4sentativer Typen. Der Verein ist auch mit Maschinen f\u00fcr die Gleis- und Fahrzeugwartung ausgestattet.<\/p>\n\n\n\n<p>Der Verein besteht aus etwas mehr als 200 internationalen Mitgliedern, und wir freuen uns, weitere zu begr\u00fc\u00dfen.<\/p>\n\n\n\n<p>Wenn Sie Mitglied werden m\u00f6chten, schreiben Sie eine E-Mail an info@wfj.se, einschlie\u00dflich Name und Adresse und einer Telefonnummer wenn Sie dies m\u00f6chten. Dann werden wir Sie kontaktieren.<\/p>\n\n\n\n<p>Wenn Sie Spenden m\u00f6chten, um uns bei unserer Arbeit zur Erhaltung dieser einzigartigen\u00a0\u00a0 Eisenbahn und des Bahnbetriebs zu helfen, freuen wir uns sehr und sind dankbar f\u00fcr jede Spende.<\/p>\n\n\n\n<p><\/p>\n\n\n\n<div class=\"wp-block-group\"><div class=\"wp-block-group__inner-container is-layout-flow wp-block-group-is-layout-flow\">\n<figure class=\"wp-block-gallery columns-3 is-cropped wp-block-gallery-1 is-layout-flex wp-block-gallery-is-layout-flex\"><ul class=\"blocks-gallery-grid\"><li class=\"blocks-gallery-item\"><figure><img loading=\"lazy\" decoding=\"async\" width=\"800\" height=\"600\" src=\"https:\/\/wfj.se\/wp-content\/uploads\/2021\/05\/Ralsbusskurs_388_640x480.jpg\" alt=\"\" data-id=\"224\" data-full-url=\"https:\/\/wfj.se\/wp-content\/uploads\/2021\/05\/Ralsbusskurs_388_640x480.jpg\" data-link=\"https:\/\/wfj.se\/aka-tag\/attachment\/ralsbusskurs_388_640x480\/\" class=\"wp-image-224\" srcset=\"https:\/\/wfj.se\/wp-content\/uploads\/2021\/05\/Ralsbusskurs_388_640x480.jpg 800w, https:\/\/wfj.se\/wp-content\/uploads\/2021\/05\/Ralsbusskurs_388_640x480-300x225.jpg 300w, https:\/\/wfj.se\/wp-content\/uploads\/2021\/05\/Ralsbusskurs_388_640x480-768x576.jpg 768w\" sizes=\"auto, (max-width: 800px) 100vw, 800px\" \/><figcaption class=\"blocks-gallery-item__caption\">SJ YB05p 808<\/figcaption><\/figure><\/li><li class=\"blocks-gallery-item\"><figure><img loading=\"lazy\" decoding=\"async\" width=\"960\" height=\"720\" src=\"https:\/\/wfj.se\/wp-content\/uploads\/2021\/04\/NKlJ-Bm-2.jpg\" alt=\"\" data-id=\"93\" data-full-url=\"https:\/\/wfj.se\/wp-content\/uploads\/2021\/04\/NKlJ-Bm-2.jpg\" data-link=\"https:\/\/wfj.se\/nklj-bm-2\/\" class=\"wp-image-93\" srcset=\"https:\/\/wfj.se\/wp-content\/uploads\/2021\/04\/NKlJ-Bm-2.jpg 960w, https:\/\/wfj.se\/wp-content\/uploads\/2021\/04\/NKlJ-Bm-2-300x225.jpg 300w, https:\/\/wfj.se\/wp-content\/uploads\/2021\/04\/NKlJ-Bm-2-768x576.jpg 768w\" sizes=\"auto, (max-width: 960px) 100vw, 960px\" \/><figcaption class=\"blocks-gallery-item__caption\">NKLJ bm 2<\/figcaption><\/figure><\/li><li class=\"blocks-gallery-item\"><figure><img loading=\"lazy\" decoding=\"async\" width=\"1024\" height=\"745\" src=\"https:\/\/wfj.se\/wp-content\/uploads\/2021\/05\/Storugns-m-finka-pa-Vst-station-130825-1024x745.jpg\" alt=\"\" data-id=\"421\" data-full-url=\"https:\/\/wfj.se\/wp-content\/uploads\/2021\/05\/Storugns-m-finka-pa-Vst-station-130825-scaled.jpg\" data-link=\"https:\/\/wfj.se\/aka-tag\/attachment\/storugns-m-finka-pa-vst-station-130825\/\" class=\"wp-image-421\" srcset=\"https:\/\/wfj.se\/wp-content\/uploads\/2021\/05\/Storugns-m-finka-pa-Vst-station-130825-1024x745.jpg 1024w, https:\/\/wfj.se\/wp-content\/uploads\/2021\/05\/Storugns-m-finka-pa-Vst-station-130825-300x218.jpg 300w, https:\/\/wfj.se\/wp-content\/uploads\/2021\/05\/Storugns-m-finka-pa-Vst-station-130825-768x559.jpg 768w, https:\/\/wfj.se\/wp-content\/uploads\/2021\/05\/Storugns-m-finka-pa-Vst-station-130825-1536x1117.jpg 1536w, https:\/\/wfj.se\/wp-content\/uploads\/2021\/05\/Storugns-m-finka-pa-Vst-station-130825-2048x1490.jpg 2048w\" sizes=\"auto, (max-width: 1024px) 100vw, 1024px\" \/><figcaption class=\"blocks-gallery-item__caption\">Storugns 3<\/figcaption><\/figure><\/li><li class=\"blocks-gallery-item\"><figure><img loading=\"lazy\" decoding=\"async\" width=\"800\" height=\"762\" src=\"https:\/\/wfj.se\/wp-content\/uploads\/2021\/04\/Hulken-2007-CB.jpg\" alt=\"\" data-id=\"92\" data-full-url=\"https:\/\/wfj.se\/wp-content\/uploads\/2021\/04\/Hulken-2007-CB.jpg\" data-link=\"https:\/\/wfj.se\/hulken-2007-cb\/\" class=\"wp-image-92\" srcset=\"https:\/\/wfj.se\/wp-content\/uploads\/2021\/04\/Hulken-2007-CB.jpg 800w, https:\/\/wfj.se\/wp-content\/uploads\/2021\/04\/Hulken-2007-CB-300x286.jpg 300w, https:\/\/wfj.se\/wp-content\/uploads\/2021\/04\/Hulken-2007-CB-768x732.jpg 768w\" sizes=\"auto, (max-width: 800px) 100vw, 800px\" \/><figcaption class=\"blocks-gallery-item__caption\">Hulken<\/figcaption><\/figure><\/li><li class=\"blocks-gallery-item\"><figure><img loading=\"lazy\" decoding=\"async\" width=\"800\" height=\"747\" src=\"https:\/\/wfj.se\/wp-content\/uploads\/2021\/04\/Cloetta-vid-slottet-2004-BESK.jpg\" alt=\"\" data-id=\"91\" data-full-url=\"https:\/\/wfj.se\/wp-content\/uploads\/2021\/04\/Cloetta-vid-slottet-2004-BESK.jpg\" data-link=\"https:\/\/wfj.se\/cloetta-vid-slottet-2004-besk\/\" class=\"wp-image-91\" srcset=\"https:\/\/wfj.se\/wp-content\/uploads\/2021\/04\/Cloetta-vid-slottet-2004-BESK.jpg 800w, https:\/\/wfj.se\/wp-content\/uploads\/2021\/04\/Cloetta-vid-slottet-2004-BESK-300x280.jpg 300w, https:\/\/wfj.se\/wp-content\/uploads\/2021\/04\/Cloetta-vid-slottet-2004-BESK-768x717.jpg 768w\" sizes=\"auto, (max-width: 800px) 100vw, 800px\" \/><figcaption class=\"blocks-gallery-item__caption\">Cloetta<\/figcaption><\/figure><\/li><li class=\"blocks-gallery-item\"><figure><img loading=\"lazy\" decoding=\"async\" width=\"800\" height=\"600\" src=\"https:\/\/wfj.se\/wp-content\/uploads\/2021\/04\/Z4p-259.jpg\" alt=\"\" data-id=\"90\" data-full-url=\"https:\/\/wfj.se\/wp-content\/uploads\/2021\/04\/Z4p-259.jpg\" data-link=\"https:\/\/wfj.se\/z4p-259\/\" class=\"wp-image-90\" srcset=\"https:\/\/wfj.se\/wp-content\/uploads\/2021\/04\/Z4p-259.jpg 800w, https:\/\/wfj.se\/wp-content\/uploads\/2021\/04\/Z4p-259-300x225.jpg 300w, https:\/\/wfj.se\/wp-content\/uploads\/2021\/04\/Z4p-259-768x576.jpg 768w\" sizes=\"auto, (max-width: 800px) 100vw, 800px\" \/><figcaption class=\"blocks-gallery-item__caption\">SJ Z4p 258<\/figcaption><\/figure><\/li><li class=\"blocks-gallery-item\"><figure><img loading=\"lazy\" decoding=\"async\" width=\"1024\" height=\"714\" src=\"https:\/\/wfj.se\/wp-content\/uploads\/2021\/05\/S2p-3037-vid-lokstallet-090808-B-1024x714.jpg\" alt=\"\" data-id=\"420\" data-full-url=\"https:\/\/wfj.se\/wp-content\/uploads\/2021\/05\/S2p-3037-vid-lokstallet-090808-B-scaled.jpg\" data-link=\"https:\/\/wfj.se\/aka-tag\/attachment\/olympus-digital-camera-2\/\" class=\"wp-image-420\" srcset=\"https:\/\/wfj.se\/wp-content\/uploads\/2021\/05\/S2p-3037-vid-lokstallet-090808-B-1024x714.jpg 1024w, https:\/\/wfj.se\/wp-content\/uploads\/2021\/05\/S2p-3037-vid-lokstallet-090808-B-300x209.jpg 300w, https:\/\/wfj.se\/wp-content\/uploads\/2021\/05\/S2p-3037-vid-lokstallet-090808-B-768x536.jpg 768w, https:\/\/wfj.se\/wp-content\/uploads\/2021\/05\/S2p-3037-vid-lokstallet-090808-B-1536x1072.jpg 1536w, https:\/\/wfj.se\/wp-content\/uploads\/2021\/05\/S2p-3037-vid-lokstallet-090808-B-2048x1429.jpg 2048w\" sizes=\"auto, (max-width: 1024px) 100vw, 1024px\" \/><figcaption class=\"blocks-gallery-item__caption\">SJ S2p 3037<\/figcaption><\/figure><\/li><\/ul><\/figure>\n<\/div><\/div>\n","protected":false},"excerpt":{"rendered":"<p>Der Museumsverein der Wadstena Fogelsta Eisenbahn der WFJ-Museumsverein wurde 1974 gegr\u00fcndet, um den letzten Teil des Schmalspurbahnnetzes von \u00d6sterg\u00f6tland zu erhalten. Von den urspr\u00fcnglichen 450&hellip;<\/p>\n","protected":false},"author":2,"featured_media":0,"parent":0,"menu_order":0,"comment_status":"closed","ping_status":"closed","template":"","meta":{"footnotes":""},"class_list":["post-162","page","type-page","status-publish","hentry"],"translation":{"provider":"WPGlobus","version":"3.0.2","language":"de","enabled_languages":["sv","gb","de"],"languages":{"sv":{"title":true,"content":true,"excerpt":false},"gb":{"title":true,"content":true,"excerpt":false},"de":{"title":true,"content":true,"excerpt":false}}},"_links":{"self":[{"href":"https:\/\/wfj.se\/de\/wp-json\/wp\/v2\/pages\/162","targetHints":{"allow":["GET"]}}],"collection":[{"href":"https:\/\/wfj.se\/de\/wp-json\/wp\/v2\/pages"}],"about":[{"href":"https:\/\/wfj.se\/de\/wp-json\/wp\/v2\/types\/page"}],"author":[{"embeddable":true,"href":"https:\/\/wfj.se\/de\/wp-json\/wp\/v2\/users\/2"}],"replies":[{"embeddable":true,"href":"https:\/\/wfj.se\/de\/wp-json\/wp\/v2\/comments?post=162"}],"version-history":[{"count":51,"href":"https:\/\/wfj.se\/de\/wp-json\/wp\/v2\/pages\/162\/revisions"}],"predecessor-version":[{"id":1398,"href":"https:\/\/wfj.se\/de\/wp-json\/wp\/v2\/pages\/162\/revisions\/1398"}],"wp:attachment":[{"href":"https:\/\/wfj.se\/de\/wp-json\/wp\/v2\/media?parent=162"}],"curies":[{"name":"wp","href":"https:\/\/api.w.org\/{rel}","templated":true}]}}